{"id":6602,"date":"2024-09-13T13:06:07","date_gmt":"2024-09-13T18:06:07","guid":{"rendered":"https:\/\/stuff.io\/?page_id=6602"},"modified":"2024-11-06T09:58:51","modified_gmt":"2024-11-06T15:58:51","slug":"invest","status":"publish","type":"page","link":"https:\/\/stuff.io\/es\/invest\/","title":{"rendered":"Invierta en"},"content":{"rendered":"<div class=\"wp-block-group home-hero has-background\" style=\"background-color:#121212\"><div class=\"wp-block-group__inner-container is-layout-constrained wp-block-group-is-layout-constrained\">\n<div style=\"height:50px\" aria-hidden=\"true\" class=\"wp-block-spacer\"><\/div>\n\n\n\n<div class=\"wp-block-columns is-layout-flex wp-container-core-columns-is-layout-9d6595d7 wp-block-columns-is-layout-flex\">\n<div class=\"wp-block-column is-layout-flow wp-block-column-is-layout-flow\" style=\"flex-basis:33.33%\">\n<div style=\"height:100px\" aria-hidden=\"true\" class=\"wp-block-spacer d-none d-lg-block\"><\/div>\n\n\n\n<h1 class=\"wp-block-heading text-center text-md-start has-white-color has-text-color has-link-color wp-elements-16f2bb8e844f8e62920383ee44540bf7\" style=\"font-style:normal;font-weight:700;text-transform:uppercase\">Invertir en Stuff.io<\/h1>\n\n\n\n<p class=\"text-center text-md-start has-white-color has-text-color has-link-color wp-elements-d8c91ba1964cb04a2df33e192be36167\" style=\"text-transform:uppercase\">La pr\u00f3xima evoluci\u00f3n de los medios digitales ha llegado. No pierda la oportunidad de formar parte de ella.<\/p>\n\n\n\n<div class=\"wp-block-buttons stuff-token-btn-group justify-content-center justify-content-md-start is-content-justification-left is-layout-flex wp-container-core-buttons-is-layout-fdcfc74e wp-block-buttons-is-layout-flex\" style=\"text-transform:uppercase\">\n<div class=\"wp-block-button has-custom-font-size has-small-font-size\" style=\"font-style:normal;font-weight:700;text-transform:uppercase\"><a class=\"wp-block-button__link has-text-color has-background has-link-color wp-element-button\" href=\"#get-started\" style=\"border-radius:40px;color:#000000;background-color:#11e4ea\">Comenzar<\/a><\/div>\n<\/div>\n<\/div>\n\n\n\n<div class=\"wp-block-column is-layout-flow wp-block-column-is-layout-flow\" style=\"flex-basis:66.66%\"><a class=\"vp-a\" href=\"https:\/\/www.youtube.com\/watch?v=qL39JiW_HI8\"><img decoding=\"async\" class=\"vp-img\" src=\"https:\/\/stuff.io\/wp-content\/uploads\/2024\/09\/josh-play.jpg\"><\/a>\n<\/div>\n<\/div>\n<\/div><\/div>\n\n\n\n<div class=\"wp-block-group alignfull home-recent-releases clip-angle-top-left has-white-background-color has-background\"><div class=\"wp-block-group__inner-container is-layout-constrained wp-block-group-is-layout-constrained\">\n<div class=\"wp-block-columns mb-0 container is-layout-flex wp-container-core-columns-is-layout-9d6595d7 wp-block-columns-is-layout-flex\">\n<div class=\"wp-block-column mb-0 is-layout-flow wp-block-column-is-layout-flow\">\n<div style=\"height:200px\" aria-hidden=\"true\" class=\"wp-block-spacer\"><\/div>\n\n\n\n<h1 class=\"wp-block-heading has-text-align-center has-text-color has-link-color wp-elements-adc7870440b589484a6dc1f86b18f596\" style=\"color:#000000;font-style:normal;font-weight:400;text-transform:uppercase\">\u00danete a nuestros inversores semilla<\/h1>\n\n\n\n<div style=\"height:25px\" aria-hidden=\"true\" class=\"wp-block-spacer\"><\/div>\n\n\n\n<div class=\"wp-block-columns our-investors is-layout-flex wp-container-core-columns-is-layout-9d6595d7 wp-block-columns-is-layout-flex\">\n<div class=\"wp-block-column is-layout-flow wp-block-column-is-layout-flow\">\n<figure class=\"wp-block-image size-full col-xl-9 col-11 mx-auto\"><img loading=\"lazy\" decoding=\"async\" width=\"752\" height=\"225\" src=\"https:\/\/stuff.io\/wp-content\/uploads\/2024\/09\/radical-investments.png\" alt=\"\" class=\"wp-image-6610\" srcset=\"https:\/\/stuff.io\/wp-content\/uploads\/2024\/09\/radical-investments.png 752w, https:\/\/stuff.io\/wp-content\/uploads\/2024\/09\/radical-investments-300x90.png 300w, https:\/\/stuff.io\/wp-content\/uploads\/2024\/09\/radical-investments-500x150.png 500w\" sizes=\"auto, (max-width: 752px) 100vw, 752px\" \/><\/figure>\n\n\n\n<p class=\"has-text-align-center col-xl-9 col-11 mx-auto has-text-color has-link-color has-medium-font-size wp-elements-604fa86ce7c3a0efddd03d84074f2100\" style=\"color:#000000\"><em>Una empresa de Mark Cuban<\/em><\/p>\n<\/div>\n\n\n\n<div class=\"wp-block-column is-layout-flow wp-block-column-is-layout-flow\">\n<figure class=\"wp-block-image size-full col-xl-9 col-11 mx-auto\"><img loading=\"lazy\" decoding=\"async\" width=\"579\" height=\"153\" src=\"https:\/\/stuff.io\/wp-content\/uploads\/2024\/09\/ingram-1.png\" alt=\"\" class=\"wp-image-6611\" srcset=\"https:\/\/stuff.io\/wp-content\/uploads\/2024\/09\/ingram-1.png 579w, https:\/\/stuff.io\/wp-content\/uploads\/2024\/09\/ingram-1-300x79.png 300w, https:\/\/stuff.io\/wp-content\/uploads\/2024\/09\/ingram-1-500x132.png 500w\" sizes=\"auto, (max-width: 579px) 100vw, 579px\" \/><\/figure>\n\n\n\n<p class=\"has-text-align-center col-xl-9 col-11 mx-auto has-text-color has-link-color has-medium-font-size wp-elements-defd4c773c164eaed5e4d92abef4933f\" style=\"color:#000000\"><em>El mayor distribuidor de libros del mundo<\/em><\/p>\n<\/div>\n\n\n\n<div class=\"wp-block-column is-layout-flow wp-block-column-is-layout-flow\">\n<figure class=\"wp-block-image size-full col-xl-9 col-11 mx-auto\"><img loading=\"lazy\" decoding=\"async\" width=\"676\" height=\"125\" src=\"https:\/\/stuff.io\/wp-content\/uploads\/2024\/09\/bdmi-1.png\" alt=\"\" class=\"wp-image-6612\" srcset=\"https:\/\/stuff.io\/wp-content\/uploads\/2024\/09\/bdmi-1.png 676w, https:\/\/stuff.io\/wp-content\/uploads\/2024\/09\/bdmi-1-300x55.png 300w, https:\/\/stuff.io\/wp-content\/uploads\/2024\/09\/bdmi-1-500x92.png 500w\" sizes=\"auto, (max-width: 676px) 100vw, 676px\" \/><\/figure>\n\n\n\n<p class=\"has-text-align-center col-xl-9 col-11 mx-auto has-text-color has-link-color has-medium-font-size wp-elements-23222ebbb648af5f74c297eaedce904c\" style=\"color:#000000\"><em>Propietarios de BMG Music y Penguin Random House<\/em><\/p>\n<\/div>\n<\/div>\n\n\n\n<div style=\"height:100px\" aria-hidden=\"true\" class=\"wp-block-spacer\"><\/div>\n<\/div>\n<\/div>\n<\/div><\/div>\n\n\n\n<div class=\"wp-block-group alignfull what-is-stuffio has-background\" style=\"background-color:#11e4ea\"><div class=\"wp-block-group__inner-container is-layout-constrained wp-block-group-is-layout-constrained\">\n<div class=\"wp-block-media-text has-media-on-the-right is-stacked-on-mobile is-image-fill clip-img-angle-top-left rounded-corners-small watch-video-section container\" style=\"grid-template-columns:auto 40%\"><div class=\"wp-block-media-text__content\">\n<h2 class=\"wp-block-heading has-text-color\" style=\"color:#000000;font-size:40px;text-transform:uppercase\">\u00bfQu\u00e9 es Stuff.io?<\/h2>\n\n\n\n<p class=\"has-text-color\" style=\"color:#000000\">Stuff.io es el l\u00edder mundial en propiedad digital real, que permite a los consumidores poseer, compartir, regalar o revender sus medios digitales como pel\u00edculas, m\u00fasica, libros electr\u00f3nicos, audiolibros y podcasts.<\/p>\n\n\n<a class=\"vp-a\" href=\"https:\/\/youtu.be\/eBArs3rh_3E\">Ver el v\u00eddeo<\/a>\n<\/div><figure class=\"wp-block-media-text__media\" style=\"background-image:url(https:\/\/stuff.io\/wp-content\/uploads\/2024\/09\/DEAs-1024x575.jpg);background-position:50% 50%\"><img loading=\"lazy\" decoding=\"async\" width=\"1024\" height=\"575\" src=\"https:\/\/stuff.io\/wp-content\/uploads\/2024\/09\/DEAs-1024x575.jpg\" alt=\"\" class=\"wp-image-6552 size-full\" srcset=\"https:\/\/stuff.io\/wp-content\/uploads\/2024\/09\/DEAs-1024x575.jpg 1024w, https:\/\/stuff.io\/wp-content\/uploads\/2024\/09\/DEAs-300x168.jpg 300w, https:\/\/stuff.io\/wp-content\/uploads\/2024\/09\/DEAs-768x431.jpg 768w, https:\/\/stuff.io\/wp-content\/uploads\/2024\/09\/DEAs-500x281.jpg 500w, https:\/\/stuff.io\/wp-content\/uploads\/2024\/09\/DEAs-800x449.jpg 800w, https:\/\/stuff.io\/wp-content\/uploads\/2024\/09\/DEAs.jpg 1273w\" sizes=\"auto, (max-width: 1024px) 100vw, 1024px\" \/><\/figure><\/div>\n<\/div><\/div>\n\n\n\n<div class=\"wp-block-columns py-5 my-5 is-layout-flex wp-container-core-columns-is-layout-9d6595d7 wp-block-columns-is-layout-flex\">\n<div class=\"wp-block-column is-layout-flow wp-block-column-is-layout-flow\">\n<div class=\"wp-block-group circle-stat\"><div class=\"wp-block-group__inner-container is-layout-constrained wp-block-group-is-layout-constrained\">\n<h2 class=\"wp-block-heading has-text-align-center\">$1.5M<\/h2>\n\n\n\n<p class=\"has-text-align-center\" style=\"text-transform:uppercase\">Semillas<\/p>\n<\/div><\/div>\n<\/div>\n\n\n\n<div class=\"wp-block-column is-layout-flow wp-block-column-is-layout-flow\">\n<div class=\"wp-block-group circle-stat\"><div class=\"wp-block-group__inner-container is-layout-constrained wp-block-group-is-layout-constrained\">\n<h2 class=\"wp-block-heading has-text-align-center\">$6.7M<\/h2>\n\n\n\n<p class=\"has-text-align-center\" style=\"text-transform:uppercase\">Ventas brutas<\/p>\n<\/div><\/div>\n<\/div>\n\n\n\n<div class=\"wp-block-column is-layout-flow wp-block-column-is-layout-flow\">\n<div class=\"wp-block-group circle-stat\"><div class=\"wp-block-group__inner-container is-layout-constrained wp-block-group-is-layout-constrained\">\n<h2 class=\"wp-block-heading has-text-align-center\">23,577<\/h2>\n\n\n\n<p class=\"has-text-align-center\" style=\"text-transform:uppercase\">Portacarteras<\/p>\n<\/div><\/div>\n<\/div>\n\n\n\n<div class=\"wp-block-column is-layout-flow wp-block-column-is-layout-flow\">\n<div class=\"wp-block-group circle-stat\"><div class=\"wp-block-group__inner-container is-layout-constrained wp-block-group-is-layout-constrained\">\n<h2 class=\"wp-block-heading has-text-align-center\">$128M<\/h2>\n\n\n\n<p class=\"has-text-align-center\" style=\"text-transform:uppercase\">Activos totales Capitalizaci\u00f3n burs\u00e1til<\/p>\n<\/div><\/div>\n<\/div>\n<\/div>\n\n\n\n<div class=\"wp-block-group alignfull has-white-color has-text-color has-background has-link-color wp-elements-3d1bc1faae92f8136986e0b5fe214034\" id=\"get-started\" style=\"background-color:#000000\"><div class=\"wp-block-group__inner-container is-layout-constrained wp-block-group-is-layout-constrained\">\n<div class=\"wp-block-group container\"><div class=\"wp-block-group__inner-container is-layout-constrained wp-block-group-is-layout-constrained\">\n<div style=\"height:75px\" aria-hidden=\"true\" class=\"wp-block-spacer\"><\/div>\n\n\n\n<h1 class=\"wp-block-heading text-uppercase\" style=\"font-size:60px;font-style:normal;font-weight:700\"><strong>Los medios digitales se han transformado para siempre. Forme parte de la pr\u00f3xima gran revoluci\u00f3n.<\/strong><\/h1>\n\n\n\n<div style=\"height:20px\" aria-hidden=\"true\" class=\"wp-block-spacer\"><\/div>\n\n\n\n<p>Creemos que los creadores merecen lo que les corresponde. Creemos que los consumidores deber\u00edan ser los verdaderos propietarios de los bienes digitales que compran. Y siempre hemos so\u00f1ado con un futuro en el que nuestra comunidad, los creadores y aquellos que creen en un mundo descentralizado sean nuestros accionistas. Ahora tienes la oportunidad de hacerte con una parte de Stuff.io\/Book.io.<\/p>\n\n\n\n<p>Si est\u00e1s listo para unirte a nosotros en este viaje y poseer acciones en nuestras plataformas, cumple los criterios que se indican a continuaci\u00f3n, rellena el formulario y nos pondremos en contacto contigo para responder a tus preguntas y hablar de nuestros emocionantes planes de futuro. \u00a1No se lo pierda!<\/p>\n\n\n\n<p style=\"text-transform:uppercase\"><strong>Primer paso: <\/strong>Rellene el siguiente formulario<\/p>\n\n\n\n<p style=\"text-transform:uppercase\"><strong>Segundo paso: <\/strong>Comprobaci\u00f3n de acreditaci\u00f3n (si est\u00e1 en EE.UU.) y firma de declaraciones<\/p>\n\n\n\n<p style=\"text-transform:uppercase\"><strong>Paso 3: <\/strong>Revisi\u00f3n y ejecuci\u00f3n de los documentos de inversi\u00f3n<\/p>\n\n\n\n<p style=\"text-transform:uppercase\"><strong>Paso 4: <\/strong>Transferencia bancaria o criptograf\u00eda<\/p>\n\n\n\n<p style=\"text-transform:uppercase\"><strong>Paso 5: <\/strong>Asistir a las convocatorias mensuales de inversores<\/p>\n\n\n\n<p style=\"text-transform:uppercase\"><\/p>\n\n\n\n<div style=\"height:59px\" aria-hidden=\"true\" class=\"wp-block-spacer\"><\/div>\n<\/div><\/div>\n<\/div><\/div>\n\n\n\n<div style=\"height:75px\" aria-hidden=\"true\" class=\"wp-block-spacer\"><\/div>\n\n\n\n<script charset=\"utf-8\" type=\"text\/javascript\" src=\"\/\/js.hsforms.net\/forms\/embed\/v2.js\"><\/script>\n<script>\n  hbspt.forms.create({\n    region: \"na1\",\n    portalId: \"22639533\",\n    formId: \"4402c771-986d-41d6-8e3a-3408756d9fef\"\n  });\n<\/script>\n\n\n\n<div style=\"height:75px\" aria-hidden=\"true\" class=\"wp-block-spacer\"><\/div>","protected":false},"excerpt":{"rendered":"<p>Invierta en Stuff.io La pr\u00f3xima evoluci\u00f3n de los medios digitales ha llegado. No pierda la oportunidad de formar parte de ella. \u00danase a nuestros inversores iniciales Una empresa de Mark Cuban El mayor distribuidor de libros del mundo Propietarios de BMG Music y Penguin Random House \u00bfQu\u00e9 es Stuff.io? Stuff.io es el l\u00edder mundial en propiedad digital real, que permite a los consumidores [...]<\/p>\n<p><a class=\"btn btn-secondary understrap-read-more-link\" href=\"https:\/\/stuff.io\/es\/invest\/\">Leer m\u00e1s...<span class=\"screen-reader-text\"> de Invest<\/span><\/a><\/p>","protected":false},"author":1,"featured_media":0,"parent":0,"menu_order":0,"comment_status":"closed","ping_status":"closed","template":"page-templates\/no-title.php","meta":{"_acf_changed":false,"footnotes":""},"class_list":["post-6602","page","type-page","status-publish","hentry"],"acf":[],"yoast_head":"<!-- This site is optimized with the Yoast SEO plugin v22.8 - https:\/\/yoast.com\/wordpress\/plugins\/seo\/ -->\n<title>Invest - Stuff.io<\/title>\n<meta name=\"robots\" content=\"index, follow, max-snippet:-1, max-image-preview:large, max-video-preview:-1\" \/>\n<link rel=\"canonical\" href=\"https:\/\/stuff.io\/es\/invest\/\" \/>\n<meta property=\"og:locale\" content=\"es_MX\" \/>\n<meta property=\"og:type\" content=\"article\" \/>\n<meta property=\"og:title\" content=\"Invest in Stuff.io\" \/>\n<meta property=\"og:description\" content=\"Stuff.io\/Book.io is opening its next fundraising round to the community, inviting accredited U.S. and global investors to join in its mission to decentralize media ownership.\" \/>\n<meta property=\"og:url\" content=\"https:\/\/stuff.io\/es\/invest\/\" \/>\n<meta property=\"og:site_name\" content=\"Stuff.io\" \/>\n<meta property=\"article:modified_time\" content=\"2024-11-06T15:58:51+00:00\" \/>\n<meta property=\"og:image\" content=\"https:\/\/stuff.io\/wp-content\/uploads\/2024\/11\/InvestOG.png\" \/>\n\t<meta property=\"og:image:width\" content=\"1200\" \/>\n\t<meta property=\"og:image:height\" content=\"627\" \/>\n\t<meta property=\"og:image:type\" content=\"image\/png\" \/>\n<meta name=\"twitter:card\" content=\"summary_large_image\" \/>\n<meta name=\"twitter:title\" content=\"Invest in Stuff.io\" \/>\n<meta name=\"twitter:description\" content=\"Stuff.io\/Book.io is opening its next fundraising round to the community, inviting accredited U.S. and global investors to join in its mission to decentralize media ownership.\" \/>\n<meta name=\"twitter:image\" content=\"https:\/\/stuff.io\/wp-content\/uploads\/2024\/11\/InvestOG.png\" \/>\n<meta name=\"twitter:label1\" content=\"Tiempo de lectura\" \/>\n\t<meta name=\"twitter:data1\" content=\"2 minutos\" \/>\n<script type=\"application\/ld+json\" class=\"yoast-schema-graph\">{\"@context\":\"https:\/\/schema.org\",\"@graph\":[{\"@type\":\"WebPage\",\"@id\":\"https:\/\/stuff.io\/invest\/\",\"url\":\"https:\/\/stuff.io\/invest\/\",\"name\":\"Invest - Stuff.io\",\"isPartOf\":{\"@id\":\"https:\/\/stuff.io\/#website\"},\"primaryImageOfPage\":{\"@id\":\"https:\/\/stuff.io\/invest\/#primaryimage\"},\"image\":{\"@id\":\"https:\/\/stuff.io\/invest\/#primaryimage\"},\"thumbnailUrl\":\"https:\/\/stuff.io\/wp-content\/uploads\/2024\/09\/radical-investments.png\",\"datePublished\":\"2024-09-13T18:06:07+00:00\",\"dateModified\":\"2024-11-06T15:58:51+00:00\",\"breadcrumb\":{\"@id\":\"https:\/\/stuff.io\/invest\/#breadcrumb\"},\"inLanguage\":\"es\",\"potentialAction\":[{\"@type\":\"ReadAction\",\"target\":[\"https:\/\/stuff.io\/invest\/\"]}]},{\"@type\":\"ImageObject\",\"inLanguage\":\"es\",\"@id\":\"https:\/\/stuff.io\/invest\/#primaryimage\",\"url\":\"https:\/\/stuff.io\/wp-content\/uploads\/2024\/09\/radical-investments.png\",\"contentUrl\":\"https:\/\/stuff.io\/wp-content\/uploads\/2024\/09\/radical-investments.png\"},{\"@type\":\"BreadcrumbList\",\"@id\":\"https:\/\/stuff.io\/invest\/#breadcrumb\",\"itemListElement\":[{\"@type\":\"ListItem\",\"position\":1,\"name\":\"Home\",\"item\":\"https:\/\/stuff.io\/\"},{\"@type\":\"ListItem\",\"position\":2,\"name\":\"Invest\"}]},{\"@type\":\"WebSite\",\"@id\":\"https:\/\/stuff.io\/#website\",\"url\":\"https:\/\/stuff.io\/\",\"name\":\"Stuff.io\",\"description\":\"\",\"potentialAction\":[{\"@type\":\"SearchAction\",\"target\":{\"@type\":\"EntryPoint\",\"urlTemplate\":\"https:\/\/stuff.io\/?s={search_term_string}\"},\"query-input\":\"required name=search_term_string\"}],\"inLanguage\":\"es\"}]}<\/script>\n<!-- \/ Yoast SEO plugin. -->","yoast_head_json":{"title":"Invest - Stuff.io","robots":{"index":"index","follow":"follow","max-snippet":"max-snippet:-1","max-image-preview":"max-image-preview:large","max-video-preview":"max-video-preview:-1"},"canonical":"https:\/\/stuff.io\/es\/invest\/","og_locale":"es_MX","og_type":"article","og_title":"Invest in Stuff.io","og_description":"Stuff.io\/Book.io is opening its next fundraising round to the community, inviting accredited U.S. and global investors to join in its mission to decentralize media ownership.","og_url":"https:\/\/stuff.io\/es\/invest\/","og_site_name":"Stuff.io","article_modified_time":"2024-11-06T15:58:51+00:00","og_image":[{"width":1200,"height":627,"url":"https:\/\/stuff.io\/wp-content\/uploads\/2024\/11\/InvestOG.png","type":"image\/png"}],"twitter_card":"summary_large_image","twitter_title":"Invest in Stuff.io","twitter_description":"Stuff.io\/Book.io is opening its next fundraising round to the community, inviting accredited U.S. and global investors to join in its mission to decentralize media ownership.","twitter_image":"https:\/\/stuff.io\/wp-content\/uploads\/2024\/11\/InvestOG.png","twitter_misc":{"Tiempo de lectura":"2 minutos"},"schema":{"@context":"https:\/\/schema.org","@graph":[{"@type":"WebPage","@id":"https:\/\/stuff.io\/invest\/","url":"https:\/\/stuff.io\/invest\/","name":"Invest - Stuff.io","isPartOf":{"@id":"https:\/\/stuff.io\/#website"},"primaryImageOfPage":{"@id":"https:\/\/stuff.io\/invest\/#primaryimage"},"image":{"@id":"https:\/\/stuff.io\/invest\/#primaryimage"},"thumbnailUrl":"https:\/\/stuff.io\/wp-content\/uploads\/2024\/09\/radical-investments.png","datePublished":"2024-09-13T18:06:07+00:00","dateModified":"2024-11-06T15:58:51+00:00","breadcrumb":{"@id":"https:\/\/stuff.io\/invest\/#breadcrumb"},"inLanguage":"es","potentialAction":[{"@type":"ReadAction","target":["https:\/\/stuff.io\/invest\/"]}]},{"@type":"ImageObject","inLanguage":"es","@id":"https:\/\/stuff.io\/invest\/#primaryimage","url":"https:\/\/stuff.io\/wp-content\/uploads\/2024\/09\/radical-investments.png","contentUrl":"https:\/\/stuff.io\/wp-content\/uploads\/2024\/09\/radical-investments.png"},{"@type":"BreadcrumbList","@id":"https:\/\/stuff.io\/invest\/#breadcrumb","itemListElement":[{"@type":"ListItem","position":1,"name":"Home","item":"https:\/\/stuff.io\/"},{"@type":"ListItem","position":2,"name":"Invest"}]},{"@type":"WebSite","@id":"https:\/\/stuff.io\/#website","url":"https:\/\/stuff.io\/","name":"Stuff.io","description":"","potentialAction":[{"@type":"SearchAction","target":{"@type":"EntryPoint","urlTemplate":"https:\/\/stuff.io\/?s={search_term_string}"},"query-input":"required name=search_term_string"}],"inLanguage":"es"}]}},"_links":{"self":[{"href":"https:\/\/stuff.io\/es\/wp-json\/wp\/v2\/pages\/6602","targetHints":{"allow":["GET"]}}],"collection":[{"href":"https:\/\/stuff.io\/es\/wp-json\/wp\/v2\/pages"}],"about":[{"href":"https:\/\/stuff.io\/es\/wp-json\/wp\/v2\/types\/page"}],"author":[{"embeddable":true,"href":"https:\/\/stuff.io\/es\/wp-json\/wp\/v2\/users\/1"}],"replies":[{"embeddable":true,"href":"https:\/\/stuff.io\/es\/wp-json\/wp\/v2\/comments?post=6602"}],"version-history":[{"count":23,"href":"https:\/\/stuff.io\/es\/wp-json\/wp\/v2\/pages\/6602\/revisions"}],"predecessor-version":[{"id":6657,"href":"https:\/\/stuff.io\/es\/wp-json\/wp\/v2\/pages\/6602\/revisions\/6657"}],"wp:attachment":[{"href":"https:\/\/stuff.io\/es\/wp-json\/wp\/v2\/media?parent=6602"}],"curies":[{"name":"wp","href":"https:\/\/api.w.org\/{rel}","templated":true}]}}