{"id":6296,"date":"2024-06-13T10:08:12","date_gmt":"2024-06-13T15:08:12","guid":{"rendered":"https:\/\/stuff.io\/?page_id=6296"},"modified":"2025-04-15T13:53:13","modified_gmt":"2025-04-15T18:53:13","slug":"creator-interest","status":"publish","type":"page","link":"https:\/\/stuff.io\/es\/creator-interest\/","title":{"rendered":"Inter\u00e9s del creador"},"content":{"rendered":"<div style=\"height:100px\" aria-hidden=\"true\" class=\"wp-block-spacer\"><\/div>\n\n\n\n<h2 class=\"wp-block-heading has-text-align-center\">Creator Portal is Now Live For Music, eBooks and Audiobooks<\/h2>\n\n\n\n<div style=\"height:32px\" aria-hidden=\"true\" class=\"wp-block-spacer\"><\/div>\n\n\n\n<div class=\"wp-block-buttons is-content-justification-center is-layout-flex wp-container-core-buttons-is-layout-16018d1d wp-block-buttons-is-layout-flex\">\n<div class=\"wp-block-button bookio-btn bright\"><a class=\"wp-block-button__link has-gray-dark-color has-cyan-background-color has-text-color has-background has-link-color has-large-font-size has-custom-font-size wp-element-button\" href=\"https:\/\/stuff.io\/es\/creator-portal\/\" style=\"border-radius:100px\">Creator Portal<\/a><\/div>\n<\/div>\n\n\n\n<div style=\"height:101px\" aria-hidden=\"true\" class=\"wp-block-spacer\"><\/div>\n\n\n\n<hr class=\"wp-block-separator has-alpha-channel-opacity\"\/>\n\n\n\n<p>Gracias por su inter\u00e9s en distribuir sus soportes digitales con&nbsp;<a href=\"http:\/\/stuff.io\/es\/\" target=\"_blank\" rel=\"noreferrer noopener\">STUFF.io<\/a>\u00a1! Esta plataforma es tu herramienta para publicar v\u00eddeos, m\u00fasica, podcasts, arte y otros activos digitales en la blockchain.&nbsp;<a href=\"http:\/\/stuff.io\/es\/\" target=\"_blank\" rel=\"noreferrer noopener\">STUFF.io<\/a>&nbsp;utiliza tecnolog\u00eda propia para acu\u00f1ar tus creaciones de forma protegida y descentralizada, permitiendo que tu p\u00fablico sea realmente due\u00f1o de las cosas que compra. Si eres creador o representas a creadores, te invitamos a registrarte en&nbsp;<a href=\"http:\/\/stuff.io\/es\/\" target=\"_blank\" rel=\"noreferrer noopener\">STUFF.io<\/a>&nbsp;mediante el siguiente formulario.<\/p>\n\n\n\n<p>Ventajas para los creadores que utilizan&nbsp;<a href=\"http:\/\/stuff.io\/es\/\" target=\"_blank\" rel=\"noreferrer noopener\">STUFF.io<\/a>:<\/p>\n\n\n\n<ul class=\"wp-block-list\">\n<li>Reciba entre el 50 y el 70% de todos los ingresos en la venta inicial de su activo en funci\u00f3n del tipo y el m\u00e9todo de distribuci\u00f3n.<\/li>\n\n\n\n<li>Proteja su arte y su propiedad intelectual en su estado original para siempre en la cadena de bloques.<\/li>\n\n\n\n<li>Reciba un porcentaje del canon cada vez que su activo se venda en un mercado secundario<\/li>\n\n\n\n<li><a href=\"http:\/\/stuff.io\/es\/\" target=\"_blank\" rel=\"noreferrer noopener\">STUFF.io<\/a>&nbsp;nunca le exigir\u00e1 que sea exclusivo de la plataforma<\/li>\n\n\n\n<li>Todos los precios de venta al p\u00fablico los fija el creador<\/li>\n\n\n\n<li>Posibilidad de enviar activos adicionales y acceso exclusivo en directo a sesiones privadas a los propietarios verificados de sus creaciones.<\/li>\n\n\n\n<li>Estar completamente conectado con sus fans a trav\u00e9s de la tecnolog\u00eda blockchain inmutable con estad\u00edsticas de ventas y consumo en tiempo real.<\/li>\n\n\n\n<li>Posibilidad de combinar diferentes medios art\u00edsticos en un \u00fanico DEA<\/li>\n\n\n\n<li>Crea tus propios objetos coleccionables, permitiendo la venta de contenidos exclusivos en funci\u00f3n del tiempo<\/li>\n<\/ul>\n\n\n\n<p>Inscr\u00edbase a continuaci\u00f3n para consolidar su legado creativo con el futuro de los activos digitales.<\/p>\n\n\n\n<p><\/p>\n\n\n\n<script charset=\"utf-8\" type=\"text\/javascript\" src=\"\/\/js.hsforms.net\/forms\/embed\/v2.js\"><\/script>\n<script>\n  hbspt.forms.create({\n    region: \"na1\",\n    portalId: \"22639533\",\n    formId: \"32f6b845-33c0-4169-90e9-60c1039626ce\"\n  });\n<\/script>\n\n\n\n<p><\/p>","protected":false},"excerpt":{"rendered":"<p>Creator Portal is Now Live For Music, eBooks and Audiobooks Thank you for your interest in distributing your digital media with&nbsp;STUFF.io! This platform is your tool for releasing videos, music, podcasts, art, and other digital assets on the blockchain.&nbsp;STUFF.io&nbsp;uses proprietary technology to mint your creations in a protected, decentralized way, allowing your audience to truly [&#8230;]<\/p>\n<p><a class=\"btn btn-secondary understrap-read-more-link\" href=\"https:\/\/stuff.io\/es\/creator-interest\/\">Leer m\u00e1s...<span class=\"screen-reader-text\"> del Creador Inter\u00e9s<\/span><\/a><\/p>","protected":false},"author":4,"featured_media":0,"parent":0,"menu_order":0,"comment_status":"closed","ping_status":"closed","template":"","meta":{"_acf_changed":false,"footnotes":""},"class_list":["post-6296","page","type-page","status-publish","hentry"],"acf":[],"yoast_head":"<!-- This site is optimized with the Yoast SEO plugin v22.8 - https:\/\/yoast.com\/wordpress\/plugins\/seo\/ -->\n<title>Creator Interest - Stuff.io<\/title>\n<meta name=\"robots\" content=\"index, follow, max-snippet:-1, max-image-preview:large, max-video-preview:-1\" \/>\n<link rel=\"canonical\" href=\"https:\/\/stuff.io\/es\/creator-interest\/\" \/>\n<meta property=\"og:locale\" content=\"es_MX\" \/>\n<meta property=\"og:type\" content=\"article\" \/>\n<meta property=\"og:title\" content=\"Creator Interest - Stuff.io\" \/>\n<meta property=\"og:description\" content=\"Creator Portal is Now Live For Music, eBooks and Audiobooks Thank you for your interest in distributing your digital media with&nbsp;STUFF.io! This platform is your tool for releasing videos, music, podcasts, art, and other digital assets on the blockchain.&nbsp;STUFF.io&nbsp;uses proprietary technology to mint your creations in a protected, decentralized way, allowing your audience to truly [...]Read More... from Creator Interest\" \/>\n<meta property=\"og:url\" content=\"https:\/\/stuff.io\/es\/creator-interest\/\" \/>\n<meta property=\"og:site_name\" content=\"Stuff.io\" \/>\n<meta property=\"article:modified_time\" content=\"2025-04-15T18:53:13+00:00\" \/>\n<meta name=\"twitter:card\" content=\"summary_large_image\" \/>\n<meta name=\"twitter:label1\" content=\"Tiempo de lectura\" \/>\n\t<meta name=\"twitter:data1\" content=\"1 minuto\" \/>\n<script type=\"application\/ld+json\" class=\"yoast-schema-graph\">{\"@context\":\"https:\/\/schema.org\",\"@graph\":[{\"@type\":\"WebPage\",\"@id\":\"https:\/\/stuff.io\/creator-interest\/\",\"url\":\"https:\/\/stuff.io\/creator-interest\/\",\"name\":\"Creator Interest - Stuff.io\",\"isPartOf\":{\"@id\":\"https:\/\/stuff.io\/#website\"},\"datePublished\":\"2024-06-13T15:08:12+00:00\",\"dateModified\":\"2025-04-15T18:53:13+00:00\",\"breadcrumb\":{\"@id\":\"https:\/\/stuff.io\/creator-interest\/#breadcrumb\"},\"inLanguage\":\"es\",\"potentialAction\":[{\"@type\":\"ReadAction\",\"target\":[\"https:\/\/stuff.io\/creator-interest\/\"]}]},{\"@type\":\"BreadcrumbList\",\"@id\":\"https:\/\/stuff.io\/creator-interest\/#breadcrumb\",\"itemListElement\":[{\"@type\":\"ListItem\",\"position\":1,\"name\":\"Home\",\"item\":\"https:\/\/stuff.io\/\"},{\"@type\":\"ListItem\",\"position\":2,\"name\":\"Creator Interest\"}]},{\"@type\":\"WebSite\",\"@id\":\"https:\/\/stuff.io\/#website\",\"url\":\"https:\/\/stuff.io\/\",\"name\":\"Stuff.io\",\"description\":\"\",\"potentialAction\":[{\"@type\":\"SearchAction\",\"target\":{\"@type\":\"EntryPoint\",\"urlTemplate\":\"https:\/\/stuff.io\/?s={search_term_string}\"},\"query-input\":\"required name=search_term_string\"}],\"inLanguage\":\"es\"}]}<\/script>\n<!-- \/ Yoast SEO plugin. -->","yoast_head_json":{"title":"Creator Interest - Stuff.io","robots":{"index":"index","follow":"follow","max-snippet":"max-snippet:-1","max-image-preview":"max-image-preview:large","max-video-preview":"max-video-preview:-1"},"canonical":"https:\/\/stuff.io\/es\/creator-interest\/","og_locale":"es_MX","og_type":"article","og_title":"Creator Interest - Stuff.io","og_description":"Creator Portal is Now Live For Music, eBooks and Audiobooks Thank you for your interest in distributing your digital media with&nbsp;STUFF.io! This platform is your tool for releasing videos, music, podcasts, art, and other digital assets on the blockchain.&nbsp;STUFF.io&nbsp;uses proprietary technology to mint your creations in a protected, decentralized way, allowing your audience to truly [...]Read More... from Creator Interest","og_url":"https:\/\/stuff.io\/es\/creator-interest\/","og_site_name":"Stuff.io","article_modified_time":"2025-04-15T18:53:13+00:00","twitter_card":"summary_large_image","twitter_misc":{"Tiempo de lectura":"1 minuto"},"schema":{"@context":"https:\/\/schema.org","@graph":[{"@type":"WebPage","@id":"https:\/\/stuff.io\/creator-interest\/","url":"https:\/\/stuff.io\/creator-interest\/","name":"Creator Interest - Stuff.io","isPartOf":{"@id":"https:\/\/stuff.io\/#website"},"datePublished":"2024-06-13T15:08:12+00:00","dateModified":"2025-04-15T18:53:13+00:00","breadcrumb":{"@id":"https:\/\/stuff.io\/creator-interest\/#breadcrumb"},"inLanguage":"es","potentialAction":[{"@type":"ReadAction","target":["https:\/\/stuff.io\/creator-interest\/"]}]},{"@type":"BreadcrumbList","@id":"https:\/\/stuff.io\/creator-interest\/#breadcrumb","itemListElement":[{"@type":"ListItem","position":1,"name":"Home","item":"https:\/\/stuff.io\/"},{"@type":"ListItem","position":2,"name":"Creator Interest"}]},{"@type":"WebSite","@id":"https:\/\/stuff.io\/#website","url":"https:\/\/stuff.io\/","name":"Stuff.io","description":"","potentialAction":[{"@type":"SearchAction","target":{"@type":"EntryPoint","urlTemplate":"https:\/\/stuff.io\/?s={search_term_string}"},"query-input":"required name=search_term_string"}],"inLanguage":"es"}]}},"_links":{"self":[{"href":"https:\/\/stuff.io\/es\/wp-json\/wp\/v2\/pages\/6296","targetHints":{"allow":["GET"]}}],"collection":[{"href":"https:\/\/stuff.io\/es\/wp-json\/wp\/v2\/pages"}],"about":[{"href":"https:\/\/stuff.io\/es\/wp-json\/wp\/v2\/types\/page"}],"author":[{"embeddable":true,"href":"https:\/\/stuff.io\/es\/wp-json\/wp\/v2\/users\/4"}],"replies":[{"embeddable":true,"href":"https:\/\/stuff.io\/es\/wp-json\/wp\/v2\/comments?post=6296"}],"version-history":[{"count":19,"href":"https:\/\/stuff.io\/es\/wp-json\/wp\/v2\/pages\/6296\/revisions"}],"predecessor-version":[{"id":17539,"href":"https:\/\/stuff.io\/es\/wp-json\/wp\/v2\/pages\/6296\/revisions\/17539"}],"wp:attachment":[{"href":"https:\/\/stuff.io\/es\/wp-json\/wp\/v2\/media?parent=6296"}],"curies":[{"name":"wp","href":"https:\/\/api.w.org\/{rel}","templated":true}]}}