{"id":3,"date":"2024-06-12T17:54:43","date_gmt":"2024-06-12T17:54:43","guid":{"rendered":"https:\/\/stuff.io\/?page_id=3"},"modified":"2024-12-09T11:33:27","modified_gmt":"2024-12-09T17:33:27","slug":"privacy-policy","status":"publish","type":"page","link":"https:\/\/stuff.io\/es\/privacy-policy\/","title":{"rendered":"Pol\u00edtica de privacidad"},"content":{"rendered":"<p>\u00daLTIMA ACTUALIZACI\u00d3N: 12 DE JUNIO DE 2024<\/p>\n\n\n\n<p>POL\u00cdTICA DE PRIVACIDAD<\/p>\n\n\n\n<p>STUFF.IO, Inc. (\"STUFF.IO\", \"nosotros\" o \"nos\") desea que conozca c\u00f3mo recopilamos, utilizamos y divulgamos la informaci\u00f3n. Esta Pol\u00edtica de Privacidad describe nuestras pr\u00e1cticas en relaci\u00f3n con la informaci\u00f3n que recogemos a trav\u00e9s de nuestro sitio web en https:\/\/www.stuff.io\/ (el \"Sitio Web\").<\/p>\n\n\n\n<p>Informaci\u00f3n personal<\/p>\n\n\n\n<p>\"Informaci\u00f3n Personal\" es la informaci\u00f3n que le identifica como individuo o se refiere a un individuo identificable. El Sitio Web recoge Informaci\u00f3n Personal, incluyendo:<\/p>\n\n\n\n<p>Nombre y cargo<br>N\u00famero de tel\u00e9fono<br>Direcci\u00f3n de correo electr\u00f3nico<br>Direcci\u00f3n postal, incluida la direcci\u00f3n postal y de facturaci\u00f3n<br>Direcci\u00f3n de la criptocartera, incluidos los datos relacionados utilizados para detectar las tenencias de criptodivisas y NFT<br>Nombre de usuario y contrase\u00f1a, si crea una cuenta en l\u00ednea con nosotros<br>Uso de la informaci\u00f3n personal<\/p>\n\n\n\n<p>Nosotros y nuestros proveedores de servicios podemos utilizar la Informaci\u00f3n Personal para los siguientes fines:<\/p>\n\n\n\n<p>Proporcionar la funcionalidad del sitio web<br>Para facilitarle el uso del sitio web y prestarle el correspondiente servicio de atenci\u00f3n al cliente.<br>Para responder a sus preguntas y satisfacer sus solicitudes y transacciones, como cuando se pone en contacto con nosotros a trav\u00e9s de uno de nuestros formularios de contacto en l\u00ednea o solicita informaci\u00f3n sobre nuestros servicios.<br>Para enviarle informaci\u00f3n administrativa, como cambios en nuestros t\u00e9rminos, condiciones y pol\u00edticas.<br>Proporcionarle nuestros materiales de marketing<br>Para enviarle correos electr\u00f3nicos relacionados con marketing, con informaci\u00f3n sobre nuestros servicios, nuevos productos y otras noticias sobre nuestra empresa.<br>Para facilitar la funci\u00f3n de compartir en redes sociales que usted decida utilizar.<br>An\u00e1lisis de la informaci\u00f3n personal para la elaboraci\u00f3n de informes comerciales y la prestaci\u00f3n de servicios personalizados<br>Para analizar o predecir las preferencias de nuestros usuarios con el fin de elaborar informes de tendencias agregados sobre c\u00f3mo se utilizan nuestros contenidos digitales, de modo que podamos mejorar nuestro sitio web.<br>Para comprender mejor sus intereses y preferencias, de modo que podamos personalizar nuestras interacciones con usted y proporcionarle informaci\u00f3n y\/u ofertas adaptadas a sus intereses.<br>Permitirle participar en sorteos, concursos u otras promociones<br>Podemos ofrecerle la oportunidad de participar en sorteos, concursos u otras promociones. Algunas de estas promociones tienen normas adicionales que contienen informaci\u00f3n sobre c\u00f3mo utilizaremos y divulgaremos sus Datos Personales. Le rogamos que lea esas normas adicionales antes de decidir participar.<br>Agregaci\u00f3n y\/o anonimizaci\u00f3n de informaci\u00f3n personal<br>Podemos agregar y\/o anonimizar Informaci\u00f3n Personal para que deje de ser considerada Informaci\u00f3n Personal. Lo hacemos para generar otros datos para nuestro uso, que podemos utilizar y divulgar para cualquier fin, puesto que ya no le identifican a usted ni a ninguna otra persona.<br>Cumplir nuestros objetivos empresariales.<br>Para nuestros fines empresariales, como el an\u00e1lisis de datos, la seguridad, la verificaci\u00f3n de identidad, las auditor\u00edas, el control y la prevenci\u00f3n del fraude, el desarrollo de nuevos productos, la mejora o modificaci\u00f3n de nuestro sitio web, la identificaci\u00f3n de tendencias de uso, la determinaci\u00f3n de la eficacia de las campa\u00f1as promocionales y el funcionamiento y la expansi\u00f3n de las actividades empresariales.<br>Si usted nos revela a nosotros o a nuestros proveedores de servicios cualquier Informaci\u00f3n Personal relativa a otras personas en relaci\u00f3n con el Sitio Web, usted declara que tiene autoridad para hacerlo y para permitirnos utilizar la informaci\u00f3n de acuerdo con esta Pol\u00edtica de Privacidad.<\/p>\n\n\n\n<p>Divulgaci\u00f3n de informaci\u00f3n personal<\/p>\n\n\n\n<p>Podemos revelar informaci\u00f3n personal:<\/p>\n\n\n\n<p>A nuestras filiales, para los fines descritos en la presente Pol\u00edtica de Privacidad.<br>A nuestros proveedores de servicios externos, para facilitar los servicios que nos prestan, como el alojamiento de sitios web, el an\u00e1lisis de datos, el procesamiento de pagos, la realizaci\u00f3n de pedidos, la provisi\u00f3n de tecnolog\u00eda de la informaci\u00f3n e infraestructuras relacionadas, el servicio de atenci\u00f3n al cliente, la entrega de correo electr\u00f3nico, la auditor\u00eda y otros servicios.<br>A proveedores de monederos criptogr\u00e1ficos, para facilitar sus transacciones.<br>A terceros patrocinadores de sorteos, concursos y promociones similares.<br>Al utilizar el sitio web, puede optar por revelar informaci\u00f3n personal.<br>En tablones de anuncios, chats, blogs y otros servicios en los que pueda publicar informaci\u00f3n y contenidos. Tenga en cuenta que cualquier informaci\u00f3n que publique o divulgue a trav\u00e9s de estos servicios se har\u00e1 p\u00fablica y podr\u00e1 estar a disposici\u00f3n de otros usuarios y del p\u00fablico en general.<br>A trav\u00e9s de su actividad en las redes sociales. Si conecta su cuenta del sitio web a su cuenta de redes sociales, compartir\u00e1 informaci\u00f3n con sus amigos asociados a su cuenta de redes sociales, con otros usuarios y con el proveedor de su cuenta de redes sociales. Al hacerlo, nos autoriza a facilitar este intercambio de informaci\u00f3n y entiende que el uso de la informaci\u00f3n compartida se regir\u00e1 por la pol\u00edtica de privacidad del proveedor de la red social.<br>Otros usos y divulgaciones<\/p>\n\n\n\n<p>Tambi\u00e9n podremos utilizar y revelar Datos Personales cuando lo consideremos necesario o apropiado: (a) para cumplir la legislaci\u00f3n aplicable, responder a solicitudes de autoridades p\u00fablicas y gubernamentales, cooperar con las fuerzas de seguridad o por otros motivos legales; (b) para hacer cumplir nuestros t\u00e9rminos y condiciones; y (c) para proteger nuestros derechos, privacidad, seguridad o propiedad, y\/o los suyos propios o los de terceros. Podemos utilizar, revelar o transferir sus Datos Personales a un tercero en relaci\u00f3n con cualquier reorganizaci\u00f3n, fusi\u00f3n, venta, empresa conjunta, cesi\u00f3n, transferencia u otra enajenaci\u00f3n, propuesta o real, de la totalidad o parte de nuestros activos o acciones (incluso en relaci\u00f3n con cualquier procedimiento de quiebra o similar).<\/p>\n\n\n\n<p>OTRA informaci\u00f3n<\/p>\n\n\n\n<p>\"Otra informaci\u00f3n\" es cualquier informaci\u00f3n que no revele su identidad espec\u00edfica o que no est\u00e9 directamente relacionada con una persona identificable. Nosotros y nuestros proveedores de servicios podemos recopilar Otros Datos de diversas formas, entre ellas:<\/p>\n\n\n\n<p>Su navegador o dispositivo<br>Cierta informaci\u00f3n es recogida por la mayor\u00eda de los navegadores o autom\u00e1ticamente a trav\u00e9s de su dispositivo, como su direcci\u00f3n de Control de Acceso al Medio (MAC), tipo de ordenador (Windows o Mac), resoluci\u00f3n de pantalla, nombre y versi\u00f3n del sistema operativo, fabricante y modelo del dispositivo, idioma, tipo y versi\u00f3n del navegador de Internet, y el nombre y la versi\u00f3n del sitio web que est\u00e1 utilizando. Utilizamos esta informaci\u00f3n para garantizar el correcto funcionamiento del sitio web.<br>Cookies<br>Las cookies son fragmentos de informaci\u00f3n que se almacenan directamente en el ordenador que est\u00e1 utilizando. Las cookies nos permiten recopilar informaci\u00f3n como el tipo de navegador, el tiempo pasado en el sitio web, las p\u00e1ginas visitadas, las preferencias de idioma y otros datos de tr\u00e1fico. Nosotros y nuestros proveedores de servicios utilizamos esta informaci\u00f3n por motivos de seguridad, para facilitar la navegaci\u00f3n, mostrar la informaci\u00f3n de forma m\u00e1s eficaz y personalizar su experiencia. Tambi\u00e9n recopilamos informaci\u00f3n estad\u00edstica sobre el uso del sitio web con el fin de mejorar continuamente su dise\u00f1o y funcionalidad, comprender c\u00f3mo se utiliza y ayudarnos a resolver cuestiones relacionadas con ellos. Adem\u00e1s, las cookies nos permiten seleccionar cu\u00e1les de nuestros anuncios u ofertas tienen m\u00e1s probabilidades de atraerle y mostr\u00e1rselos mientras est\u00e1 en el sitio web. Tambi\u00e9n podemos utilizar cookies u otras tecnolog\u00edas en la publicidad en l\u00ednea para hacer un seguimiento de las respuestas a nuestros anuncios. Actualmente no respondemos a las se\u00f1ales de no seguimiento de los navegadores. Si no desea que se recopile informaci\u00f3n mediante el uso de cookies, la mayor\u00eda de los navegadores le permiten rechazar autom\u00e1ticamente las cookies o le dan la opci\u00f3n de rechazar o aceptar una cookie en particular (o cookies) de un sitio web concreto. Tambi\u00e9n puede consultar http:\/\/www.allaboutcookies.org\/manage-cookies\/index.html. No obstante, si no acepta las cookies, es posible que experimente algunos inconvenientes en el uso del sitio web. Tambi\u00e9n es posible que no reciba publicidad u otras ofertas nuestras que sean relevantes para sus intereses y necesidades.<br>Pixel tags y otras tecnolog\u00edas similares<br>Etiquetas de p\u00edxel. Las etiquetas de p\u00edxel (tambi\u00e9n conocidas como balizas web y GIF transparentes) pueden utilizarse, entre otras cosas, para realizar un seguimiento de las acciones de los usuarios del sitio web (incluidos los destinatarios de correo electr\u00f3nico), medir el \u00e9xito de nuestras campa\u00f1as de marketing y recopilar estad\u00edsticas sobre el uso del sitio web y los \u00edndices de respuesta.<br>Anal\u00edtica. Utilizamos Google Analytics, que utiliza cookies y tecnolog\u00edas similares para recopilar y analizar informaci\u00f3n sobre el uso del sitio web e informar sobre actividades y tendencias. Este servicio tambi\u00e9n puede recopilar informaci\u00f3n sobre el uso de otros sitios web, aplicaciones y recursos en l\u00ednea. Puede obtener informaci\u00f3n sobre las pr\u00e1cticas de Google en www.google.com\/policies\/privacy\/partners\/, y ejercer la inhabilitaci\u00f3n proporcionada por Google descargando el complemento de inhabilitaci\u00f3n para navegadores de Google Analytics, disponible en https:\/\/tools.google.com\/dlpage\/gaoptout.<br>la tecnolog\u00eda Adobe Flash (incluidos los objetos locales compartidos Flash (\"Flash LSO\")) y otras tecnolog\u00edas similares<br>Podemos utilizar Flash LSOs y otras tecnolog\u00edas para, entre otras cosas, recoger y almacenar informaci\u00f3n sobre su uso del Sitio Web. Si no desea que los Flash LSO se almacenen en su ordenador, puede ajustar la configuraci\u00f3n de su reproductor Flash para bloquear el almacenamiento de Flash LSO utilizando las herramientas contenidas en el Panel de Configuraci\u00f3n de Almacenamiento del Sitio Web. Tambi\u00e9n puede ir al Panel de configuraci\u00f3n global de almacenamiento y seguir las instrucciones (que pueden explicar, por ejemplo, c\u00f3mo eliminar los Flash LSO existentes (denominados \"informaci\u00f3n\"), c\u00f3mo evitar que los Flash LSO se coloquen en su ordenador sin que usted lo solicite y c\u00f3mo bloquear los Flash LSO que no est\u00e9n siendo entregados por el operador de la p\u00e1gina en la que se encuentre en ese momento). Tenga en cuenta que configurar Flash Player para restringir o limitar la aceptaci\u00f3n de Flash LSO puede reducir o impedir la funcionalidad de algunas aplicaciones Flash.<br>ReCAPTCHA invisible<br>Utilizamos la aplicaci\u00f3n invisible reCAPTCHA de Google en nuestro sitio web con el fin de proteger contra el spam y otros abusos automatizados. La herramienta reCAPTCHA puede hacer uso de cookies, as\u00ed como de otra informaci\u00f3n como la direcci\u00f3n IP, la fecha, la hora, el idioma, el tama\u00f1o y la resoluci\u00f3n de la pantalla y los movimientos del rat\u00f3n, mientras se est\u00e1 en la p\u00e1gina. El uso del servicio reCAPTCHA y el tratamiento de cualquier informaci\u00f3n recopilada a trav\u00e9s del mismo est\u00e1n sujetos a la pol\u00edtica de privacidad aplicable de Google, disponible en https:\/\/policies.google.com\/privacy, y a las condiciones del servicio de Google, disponibles en https:\/\/policies.google.com\/terms?hl=en.<br>Direcci\u00f3n IP<br>Su direcci\u00f3n IP es un n\u00famero que su proveedor de servicios de Internet asigna autom\u00e1ticamente a su ordenador. Una direcci\u00f3n IP puede identificarse y registrarse autom\u00e1ticamente en los archivos de registro de nuestro servidor cada vez que un usuario accede al sitio web, junto con la hora de la visita y las p\u00e1ginas visitadas. Utilizamos las direcciones IP para calcular los niveles de uso, diagnosticar problemas del servidor y administrar el sitio web. Tambi\u00e9n podemos deducir su ubicaci\u00f3n aproximada a partir de su direcci\u00f3n IP.<br>Ubicaci\u00f3n f\u00edsica.<br>Podemos recopilar la ubicaci\u00f3n f\u00edsica de su dispositivo utilizando, por ejemplo, se\u00f1ales de sat\u00e9lite, torres de telefon\u00eda m\u00f3vil o WiFi. Podemos utilizar la ubicaci\u00f3n f\u00edsica de su dispositivo para ofrecerle servicios y contenidos personalizados basados en su ubicaci\u00f3n. Tambi\u00e9n podemos compartir la ubicaci\u00f3n f\u00edsica de su dispositivo, junto con informaci\u00f3n sobre los anuncios que ha visto y otra informaci\u00f3n que recopilemos, con nuestros socios de marketing para que puedan ofrecerle contenidos m\u00e1s personalizados y estudiar la eficacia de las campa\u00f1as publicitarias. En algunos casos, puede que se le permita permitir o denegar dichos usos y\/o el uso compartido de la ubicaci\u00f3n de su dispositivo, pero si lo hace, es posible que nosotros y\/o nuestros socios de marketing no podamos proporcionarle los servicios y contenidos personalizados aplicables.<br>Utilizaci\u00f3n y divulgaci\u00f3n de otros datos<\/p>\n\n\n\n<p>Podemos utilizar y divulgar Otros Datos para cualquier fin, salvo cuando la legislaci\u00f3n aplicable nos exija lo contrario. Si la legislaci\u00f3n aplicable nos obliga a tratar Otros Datos como Datos Personales, podremos utilizarlos y divulgarlos para los fines para los que utilizamos y divulgamos Datos Personales, tal como se detalla en la presente Pol\u00edtica de Privacidad. En algunos casos, podemos combinar Otros Datos con Datos Personales. Si lo hacemos, trataremos la informaci\u00f3n combinada como Informaci\u00f3n Personal mientras est\u00e9 combinada.<\/p>\n\n\n\n<p>seguridad<\/p>\n\n\n\n<p>Intentamos utilizar medidas organizativas, t\u00e9cnicas y administrativas razonables dise\u00f1adas para proteger la Informaci\u00f3n Personal dentro de nuestra organizaci\u00f3n. Desgraciadamente, no se puede garantizar que ning\u00fan sistema de transmisi\u00f3n o almacenamiento de datos sea 100% seguro. Si tiene motivos para creer que su interacci\u00f3n con nosotros ya no es segura, le rogamos que nos lo notifique inmediatamente de acuerdo con la secci\u00f3n \"Contacte con nosotros\" que figura a continuaci\u00f3n.<\/p>\n\n\n\n<p>OPCIONES Y ACCESO<\/p>\n\n\n\n<p>Si no desea seguir recibiendo nuestros mensajes de correo electr\u00f3nico relacionados con el marketing, puede darse de baja utilizando el mecanismo incluido en cada uno de esos mensajes. Tenga en cuenta que si opta por dejar de recibir nuestros correos electr\u00f3nicos relacionados con el marketing, es posible que sigamos envi\u00e1ndole mensajes administrativos importantes, de los que no puede excluirse.<\/p>\n\n\n\n<p>Si STUFF.IO mantiene un proceso para permitir a los usuarios revisar y solicitar cambios en su Informaci\u00f3n Personal recopilada a trav\u00e9s del Sitio Web, incluya el siguiente p\u00e1rrafo (pero tenga en cuenta que el mantenimiento de dicho proceso no es actualmente requerido por la legislaci\u00f3n aplicable): Si desea actualizar la Informaci\u00f3n Personal que nos ha proporcionado, puede escribirnos a info@stuff.io.<\/p>\n\n\n\n<p>SERVICIOS DE TERCEROS<\/p>\n\n\n\n<p>Esta Pol\u00edtica de Privacidad no aborda, y no somos responsables de, la privacidad, informaci\u00f3n u otras pr\u00e1cticas de terceros, incluyendo cualquier tercero que opere cualquier sitio web o servicio al que enlace el Sitio Web. La inclusi\u00f3n de un enlace en el Sitio Web no implica la aprobaci\u00f3n del sitio o servicio enlazado por nuestra parte o por parte de nuestras filiales.<\/p>\n\n\n\n<p>PUBLICIDAD DE TERCEROS<\/p>\n\n\n\n<p>Recurrimos a empresas de publicidad de terceros para ofrecerle anuncios sobre bienes y servicios que puedan ser de su inter\u00e9s cuando acceda y utilice el Sitio Web y otros sitios web o servicios en l\u00ednea. Puede recibir anuncios basados en informaci\u00f3n relativa a su acceso y uso del Sitio Web y otros sitios web o servicios en l\u00ednea en cualquiera de sus dispositivos, as\u00ed como en informaci\u00f3n recibida de terceros. Estas empresas colocan o reconocen una cookie \u00fanica en su navegador (incluso mediante el uso de etiquetas de p\u00edxel). Tambi\u00e9n utilizan estas tecnolog\u00edas, junto con la informaci\u00f3n que recopilan sobre su uso en l\u00ednea, para reconocerle a trav\u00e9s de los dispositivos que utiliza, como un tel\u00e9fono m\u00f3vil y un ordenador port\u00e1til.<\/p>\n\n\n\n<p>Si desea obtener m\u00e1s informaci\u00f3n sobre esta pr\u00e1ctica y saber c\u00f3mo desactivarla en los navegadores de escritorio y m\u00f3viles del dispositivo concreto desde el que accede a esta Pol\u00edtica de Privacidad, visite http:\/\/optout.aboutads.info\/#\/ y http:\/\/optout.networkadvertising.org\/#\/.<\/p>\n\n\n\n<p>uso del sitio web por menores<\/p>\n\n\n\n<p>El Sitio Web no est\u00e1 dirigido a personas menores de 13 a\u00f1os, y no recopilamos conscientemente Informaci\u00f3n Personal de personas menores de 13 a\u00f1os.<\/p>\n\n\n\n<p>cuestiones jurisdiccionales<\/p>\n\n\n\n<p>El Sitio Web est\u00e1 controlado y gestionado por nosotros desde los Estados Unidos y no pretende someternos a las leyes o jurisdicci\u00f3n de ning\u00fan estado, pa\u00eds o territorio que no sea el de los Estados Unidos.<\/p>\n\n\n\n<p>SOLICITUD DE SUPRESI\u00d3N DE DATOS<\/p>\n\n\n\n<ol class=\"wp-block-list\">\n<li>Si desea que su informaci\u00f3n personal sea eliminada de nuestros sistemas, puede ponerse en contacto con nosotros en&nbsp;<a href=\"mailto:support@book.io\" target=\"_blank\" rel=\"noreferrer noopener\">support@book.io<\/a>&nbsp;con su solicitud.<\/li>\n\n\n\n<li>Plazo de tramitaci\u00f3n: Una vez recibida su solicitud, verificaremos su identidad y nos aseguraremos de que toda la informaci\u00f3n personal asociada se elimine permanentemente de nuestros registros en un plazo de 30 d\u00edas.<\/li>\n<\/ol>\n\n\n\n<p>ACTUALIZACIONES DE ESTA POL\u00cdTICA DE PRIVACIDAD<\/p>\n\n\n\n<p>La leyenda \"\u00daltima actualizaci\u00f3n\" en la parte superior de esta Pol\u00edtica de Privacidad indica cu\u00e1ndo se revis\u00f3 por \u00faltima vez esta Pol\u00edtica de Privacidad. Cualquier cambio entrar\u00e1 en vigor cuando publiquemos la Pol\u00edtica de Privacidad revisada en el Sitio Web.<\/p>\n\n\n\n<p>CONTACTO<\/p>\n\n\n\n<p>Si tiene alguna pregunta sobre esta Pol\u00edtica de privacidad, p\u00f3ngase en contacto con nosotros en <a href=\"mailto:contact@stuff.io.\">contact@stuff.io.<\/a><\/p>","protected":false},"excerpt":{"rendered":"<p>\u00daLTIMA ACTUALIZACI\u00d3N: 12 DE JUNIO DE 2024 POL\u00cdTICA DE PRIVACIDAD STUFF.IO, Inc. (\"STUFF.IO\", \"nosotros\" o \"nos\") quiere que usted est\u00e9 familiarizado con la forma en que recopilamos, utilizamos y divulgamos la informaci\u00f3n. Esta Pol\u00edtica de Privacidad describe nuestras pr\u00e1cticas en relaci\u00f3n con la informaci\u00f3n que recopilamos a trav\u00e9s de nuestro sitio web en https:\/\/www.stuff.io\/ (el \"Sitio Web\"). Informaci\u00f3n personal La \"Informaci\u00f3n personal\" es informaci\u00f3n que le identifica [...]<\/p>\n<p><a class=\"btn btn-secondary understrap-read-more-link\" href=\"https:\/\/stuff.io\/es\/privacy-policy\/\">Leer m\u00e1s...<span class=\"screen-reader-text\"> de la Pol\u00edtica de privacidad<\/span><\/a><\/p>","protected":false},"author":1,"featured_media":0,"parent":0,"menu_order":0,"comment_status":"closed","ping_status":"open","template":"","meta":{"_acf_changed":false,"footnotes":""},"class_list":["post-3","page","type-page","status-publish","hentry"],"acf":[],"yoast_head":"<!-- This site is optimized with the Yoast SEO plugin v22.8 - https:\/\/yoast.com\/wordpress\/plugins\/seo\/ -->\n<title>Privacy Policy - Stuff.io<\/title>\n<meta name=\"robots\" content=\"index, follow, max-snippet:-1, max-image-preview:large, max-video-preview:-1\" \/>\n<link rel=\"canonical\" href=\"https:\/\/stuff.io\/es\/privacy-policy\/\" \/>\n<meta property=\"og:locale\" content=\"es_MX\" \/>\n<meta property=\"og:type\" content=\"article\" \/>\n<meta property=\"og:title\" content=\"Privacy Policy - Stuff.io\" \/>\n<meta property=\"og:description\" content=\"LAST UPDATED: JUNE 12, 2024 PRIVACY POLICY STUFF.IO, Inc. (\u201cSTUFF.IO,\u201d \u201cwe,\u201d or \u201cus\u201d) wants you to be familiar with how we collect, use, and disclose information. This Privacy Policy describes our practices in connection with information that we collect through our website at https:\/\/www.stuff.io\/ (the \u201cWebsite\u201d). Personal Information \u201cPersonal Information\u201d is information that identifies you [...]Read More... from Privacy Policy\" \/>\n<meta property=\"og:url\" content=\"https:\/\/stuff.io\/es\/privacy-policy\/\" \/>\n<meta property=\"og:site_name\" content=\"Stuff.io\" \/>\n<meta property=\"article:modified_time\" content=\"2024-12-09T17:33:27+00:00\" \/>\n<meta name=\"twitter:card\" content=\"summary_large_image\" \/>\n<meta name=\"twitter:label1\" content=\"Tiempo de lectura\" \/>\n\t<meta name=\"twitter:data1\" content=\"11 minutos\" \/>\n<script type=\"application\/ld+json\" class=\"yoast-schema-graph\">{\"@context\":\"https:\/\/schema.org\",\"@graph\":[{\"@type\":\"WebPage\",\"@id\":\"https:\/\/stuff.io\/privacy-policy\/\",\"url\":\"https:\/\/stuff.io\/privacy-policy\/\",\"name\":\"Privacy Policy - Stuff.io\",\"isPartOf\":{\"@id\":\"https:\/\/stuff.io\/#website\"},\"datePublished\":\"2024-06-12T17:54:43+00:00\",\"dateModified\":\"2024-12-09T17:33:27+00:00\",\"breadcrumb\":{\"@id\":\"https:\/\/stuff.io\/privacy-policy\/#breadcrumb\"},\"inLanguage\":\"es\",\"potentialAction\":[{\"@type\":\"ReadAction\",\"target\":[\"https:\/\/stuff.io\/privacy-policy\/\"]}]},{\"@type\":\"BreadcrumbList\",\"@id\":\"https:\/\/stuff.io\/privacy-policy\/#breadcrumb\",\"itemListElement\":[{\"@type\":\"ListItem\",\"position\":1,\"name\":\"Home\",\"item\":\"https:\/\/stuff.io\/\"},{\"@type\":\"ListItem\",\"position\":2,\"name\":\"Privacy Policy\"}]},{\"@type\":\"WebSite\",\"@id\":\"https:\/\/stuff.io\/#website\",\"url\":\"https:\/\/stuff.io\/\",\"name\":\"Stuff.io\",\"description\":\"\",\"potentialAction\":[{\"@type\":\"SearchAction\",\"target\":{\"@type\":\"EntryPoint\",\"urlTemplate\":\"https:\/\/stuff.io\/?s={search_term_string}\"},\"query-input\":\"required name=search_term_string\"}],\"inLanguage\":\"es\"}]}<\/script>\n<!-- \/ Yoast SEO plugin. -->","yoast_head_json":{"title":"Privacy Policy - Stuff.io","robots":{"index":"index","follow":"follow","max-snippet":"max-snippet:-1","max-image-preview":"max-image-preview:large","max-video-preview":"max-video-preview:-1"},"canonical":"https:\/\/stuff.io\/es\/privacy-policy\/","og_locale":"es_MX","og_type":"article","og_title":"Privacy Policy - Stuff.io","og_description":"LAST UPDATED: JUNE 12, 2024 PRIVACY POLICY STUFF.IO, Inc. (\u201cSTUFF.IO,\u201d \u201cwe,\u201d or \u201cus\u201d) wants you to be familiar with how we collect, use, and disclose information. This Privacy Policy describes our practices in connection with information that we collect through our website at https:\/\/www.stuff.io\/ (the \u201cWebsite\u201d). Personal Information \u201cPersonal Information\u201d is information that identifies you [...]Read More... from Privacy Policy","og_url":"https:\/\/stuff.io\/es\/privacy-policy\/","og_site_name":"Stuff.io","article_modified_time":"2024-12-09T17:33:27+00:00","twitter_card":"summary_large_image","twitter_misc":{"Tiempo de lectura":"11 minutos"},"schema":{"@context":"https:\/\/schema.org","@graph":[{"@type":"WebPage","@id":"https:\/\/stuff.io\/privacy-policy\/","url":"https:\/\/stuff.io\/privacy-policy\/","name":"Privacy Policy - Stuff.io","isPartOf":{"@id":"https:\/\/stuff.io\/#website"},"datePublished":"2024-06-12T17:54:43+00:00","dateModified":"2024-12-09T17:33:27+00:00","breadcrumb":{"@id":"https:\/\/stuff.io\/privacy-policy\/#breadcrumb"},"inLanguage":"es","potentialAction":[{"@type":"ReadAction","target":["https:\/\/stuff.io\/privacy-policy\/"]}]},{"@type":"BreadcrumbList","@id":"https:\/\/stuff.io\/privacy-policy\/#breadcrumb","itemListElement":[{"@type":"ListItem","position":1,"name":"Home","item":"https:\/\/stuff.io\/"},{"@type":"ListItem","position":2,"name":"Privacy Policy"}]},{"@type":"WebSite","@id":"https:\/\/stuff.io\/#website","url":"https:\/\/stuff.io\/","name":"Stuff.io","description":"","potentialAction":[{"@type":"SearchAction","target":{"@type":"EntryPoint","urlTemplate":"https:\/\/stuff.io\/?s={search_term_string}"},"query-input":"required name=search_term_string"}],"inLanguage":"es"}]}},"_links":{"self":[{"href":"https:\/\/stuff.io\/es\/wp-json\/wp\/v2\/pages\/3","targetHints":{"allow":["GET"]}}],"collection":[{"href":"https:\/\/stuff.io\/es\/wp-json\/wp\/v2\/pages"}],"about":[{"href":"https:\/\/stuff.io\/es\/wp-json\/wp\/v2\/types\/page"}],"author":[{"embeddable":true,"href":"https:\/\/stuff.io\/es\/wp-json\/wp\/v2\/users\/1"}],"replies":[{"embeddable":true,"href":"https:\/\/stuff.io\/es\/wp-json\/wp\/v2\/comments?post=3"}],"version-history":[{"count":6,"href":"https:\/\/stuff.io\/es\/wp-json\/wp\/v2\/pages\/3\/revisions"}],"predecessor-version":[{"id":6807,"href":"https:\/\/stuff.io\/es\/wp-json\/wp\/v2\/pages\/3\/revisions\/6807"}],"wp:attachment":[{"href":"https:\/\/stuff.io\/es\/wp-json\/wp\/v2\/media?parent=3"}],"curies":[{"name":"wp","href":"https:\/\/api.w.org\/{rel}","templated":true}]}}