{"id":11,"date":"2024-06-12T18:11:21","date_gmt":"2024-06-12T18:11:21","guid":{"rendered":"https:\/\/stuff.io\/?page_id=11"},"modified":"2024-06-13T14:12:33","modified_gmt":"2024-06-13T19:12:33","slug":"donotsell","status":"publish","type":"page","link":"https:\/\/stuff.io\/es\/donotsell\/","title":{"rendered":"No venda mis datos"},"content":{"rendered":"<p>STUFF.io no vende tus datos porque creemos en la descentralizaci\u00f3n del conocimiento y en el anonimato del blockchain. Nuestros abogados tambi\u00e9n creen en algunas cosas como: \"M\u00e1s vale prevenir que curar\". Especialmente cuando se trata de los derechos de los consumidores en la UE, Califonia, y varias otras partes del mundo.&nbsp;<\/p>\n\n\n\n<p>A continuaci\u00f3n encontrar\u00e1 un formulario, si usted completa este formulario, vamos a eliminar su cuenta de nuestro sistema y negar que alguna vez existi\u00f3. No nos importa si vives en una regi\u00f3n CCPA o GDPR o no, borraremos absolutamente la informaci\u00f3n de tu cuenta... si nos lo pides amablemente.<\/p>\n\n\n\n<p>Si vives en California o en la UE, tambi\u00e9n tienes derecho a solicitar un informe detallado sobre los datos que STUFF.io pueda haber guardado en nuestro sistema y que te conciernan. Si no te has puesto en contacto con nosotros a trav\u00e9s de un formulario, va a ser bastante breve, literalmente s\u00f3lo tu direcci\u00f3n de correo electr\u00f3nico y el pa\u00eds que has indicado como residencia. Si has rellenado un formulario, podr\u00e1s revivir la incre\u00edble interacci\u00f3n que tuviste con nuestro equipo a trav\u00e9s de una transcripci\u00f3n.<\/p>\n\n\n\n<p>\u00bfQuiere una versi\u00f3n m\u00e1s jur\u00eddica de nuestras pol\u00edticas de datos? Visite nuestra\u00a0<a href=\"https:\/\/stuff.io\/es\/privacy-policy\/\">Pol\u00edtica de privacidad<\/a>\u00a0p\u00e1gina.<\/p>\n\n\n\n<p>(GDPR = \"General Data Protection Regulation\", CCPA = \"California Consumer Protection Act\")<\/p>\n\n\n\n<h2 class=\"wp-block-heading\">Formulario GDPR\/CCPA<\/h2>\n\n\n\n<p>*Nota: Enviaremos un correo electr\u00f3nico a la direcci\u00f3n de correo electr\u00f3nico proporcionada para confirmar la propiedad antes de la eliminaci\u00f3n.<\/p>\n\n\n\n<script charset=\"utf-8\" type=\"text\/javascript\" src=\"\/\/js.hsforms.net\/forms\/v2.js\"><\/script>\n<script>\n  hbspt.forms.create({\n    region: \"na1\",\n    portalId: \"22639533\",\n    formId: \"e1dd5e25-98b7-4874-97b8-fc2fe9c7bbee\",\n    version: \"V2_PRERELEASE\"\n  });\n<\/script>","protected":false},"excerpt":{"rendered":"<p>STUFF.io no vende tus datos porque creemos en la descentralizaci\u00f3n del conocimiento y en el anonimato del blockchain. Nuestros abogados tambi\u00e9n creen en algunas cosas como: \"M\u00e1s vale prevenir que curar\". Especialmente cuando se trata de los derechos de los consumidores en la UE, Califonia, y varias otras partes del mundo.  A continuaci\u00f3n encontrar\u00e1 una [...]<\/p>\n<p><a class=\"btn btn-secondary understrap-read-more-link\" href=\"https:\/\/stuff.io\/es\/donotsell\/\">Leer m\u00e1s...<span class=\"screen-reader-text\"> de No venda mis datos<\/span><\/a><\/p>","protected":false},"author":1,"featured_media":0,"parent":0,"menu_order":0,"comment_status":"closed","ping_status":"closed","template":"","meta":{"_acf_changed":false,"footnotes":""},"class_list":["post-11","page","type-page","status-publish","hentry"],"acf":[],"yoast_head":"<!-- This site is optimized with the Yoast SEO plugin v22.8 - https:\/\/yoast.com\/wordpress\/plugins\/seo\/ -->\n<title>Do not sell my info - Stuff.io<\/title>\n<meta name=\"robots\" content=\"index, follow, max-snippet:-1, max-image-preview:large, max-video-preview:-1\" \/>\n<link rel=\"canonical\" href=\"https:\/\/stuff.io\/es\/donotsell\/\" \/>\n<meta property=\"og:locale\" content=\"es_MX\" \/>\n<meta property=\"og:type\" content=\"article\" \/>\n<meta property=\"og:title\" content=\"Do not sell my info - Stuff.io\" \/>\n<meta property=\"og:description\" content=\"STUFF.io does not sell your data because we believe in the decentralization of knowledge and the anonymity of the blockchain. Our lawyers also believe a few things like: \u201cBetter safe than sorry.\u201d Especially when it comes to consumer rights in the EU, Califonia, and several other parts of the world.&nbsp; Below you will find a [...]Read More... from Do not sell my info\" \/>\n<meta property=\"og:url\" content=\"https:\/\/stuff.io\/es\/donotsell\/\" \/>\n<meta property=\"og:site_name\" content=\"Stuff.io\" \/>\n<meta property=\"article:modified_time\" content=\"2024-06-13T19:12:33+00:00\" \/>\n<meta name=\"twitter:card\" content=\"summary_large_image\" \/>\n<meta name=\"twitter:label1\" content=\"Tiempo de lectura\" \/>\n\t<meta name=\"twitter:data1\" content=\"1 minuto\" \/>\n<script type=\"application\/ld+json\" class=\"yoast-schema-graph\">{\"@context\":\"https:\/\/schema.org\",\"@graph\":[{\"@type\":\"WebPage\",\"@id\":\"https:\/\/stuff.io\/donotsell\/\",\"url\":\"https:\/\/stuff.io\/donotsell\/\",\"name\":\"Do not sell my info - Stuff.io\",\"isPartOf\":{\"@id\":\"https:\/\/stuff.io\/#website\"},\"datePublished\":\"2024-06-12T18:11:21+00:00\",\"dateModified\":\"2024-06-13T19:12:33+00:00\",\"breadcrumb\":{\"@id\":\"https:\/\/stuff.io\/donotsell\/#breadcrumb\"},\"inLanguage\":\"es\",\"potentialAction\":[{\"@type\":\"ReadAction\",\"target\":[\"https:\/\/stuff.io\/donotsell\/\"]}]},{\"@type\":\"BreadcrumbList\",\"@id\":\"https:\/\/stuff.io\/donotsell\/#breadcrumb\",\"itemListElement\":[{\"@type\":\"ListItem\",\"position\":1,\"name\":\"Home\",\"item\":\"https:\/\/stuff.io\/\"},{\"@type\":\"ListItem\",\"position\":2,\"name\":\"Do not sell my info\"}]},{\"@type\":\"WebSite\",\"@id\":\"https:\/\/stuff.io\/#website\",\"url\":\"https:\/\/stuff.io\/\",\"name\":\"Stuff.io\",\"description\":\"\",\"potentialAction\":[{\"@type\":\"SearchAction\",\"target\":{\"@type\":\"EntryPoint\",\"urlTemplate\":\"https:\/\/stuff.io\/?s={search_term_string}\"},\"query-input\":\"required name=search_term_string\"}],\"inLanguage\":\"es\"}]}<\/script>\n<!-- \/ Yoast SEO plugin. -->","yoast_head_json":{"title":"Do not sell my info - Stuff.io","robots":{"index":"index","follow":"follow","max-snippet":"max-snippet:-1","max-image-preview":"max-image-preview:large","max-video-preview":"max-video-preview:-1"},"canonical":"https:\/\/stuff.io\/es\/donotsell\/","og_locale":"es_MX","og_type":"article","og_title":"Do not sell my info - Stuff.io","og_description":"STUFF.io does not sell your data because we believe in the decentralization of knowledge and the anonymity of the blockchain. Our lawyers also believe a few things like: \u201cBetter safe than sorry.\u201d Especially when it comes to consumer rights in the EU, Califonia, and several other parts of the world.&nbsp; Below you will find a [...]Read More... from Do not sell my info","og_url":"https:\/\/stuff.io\/es\/donotsell\/","og_site_name":"Stuff.io","article_modified_time":"2024-06-13T19:12:33+00:00","twitter_card":"summary_large_image","twitter_misc":{"Tiempo de lectura":"1 minuto"},"schema":{"@context":"https:\/\/schema.org","@graph":[{"@type":"WebPage","@id":"https:\/\/stuff.io\/donotsell\/","url":"https:\/\/stuff.io\/donotsell\/","name":"Do not sell my info - Stuff.io","isPartOf":{"@id":"https:\/\/stuff.io\/#website"},"datePublished":"2024-06-12T18:11:21+00:00","dateModified":"2024-06-13T19:12:33+00:00","breadcrumb":{"@id":"https:\/\/stuff.io\/donotsell\/#breadcrumb"},"inLanguage":"es","potentialAction":[{"@type":"ReadAction","target":["https:\/\/stuff.io\/donotsell\/"]}]},{"@type":"BreadcrumbList","@id":"https:\/\/stuff.io\/donotsell\/#breadcrumb","itemListElement":[{"@type":"ListItem","position":1,"name":"Home","item":"https:\/\/stuff.io\/"},{"@type":"ListItem","position":2,"name":"Do not sell my info"}]},{"@type":"WebSite","@id":"https:\/\/stuff.io\/#website","url":"https:\/\/stuff.io\/","name":"Stuff.io","description":"","potentialAction":[{"@type":"SearchAction","target":{"@type":"EntryPoint","urlTemplate":"https:\/\/stuff.io\/?s={search_term_string}"},"query-input":"required name=search_term_string"}],"inLanguage":"es"}]}},"_links":{"self":[{"href":"https:\/\/stuff.io\/es\/wp-json\/wp\/v2\/pages\/11","targetHints":{"allow":["GET"]}}],"collection":[{"href":"https:\/\/stuff.io\/es\/wp-json\/wp\/v2\/pages"}],"about":[{"href":"https:\/\/stuff.io\/es\/wp-json\/wp\/v2\/types\/page"}],"author":[{"embeddable":true,"href":"https:\/\/stuff.io\/es\/wp-json\/wp\/v2\/users\/1"}],"replies":[{"embeddable":true,"href":"https:\/\/stuff.io\/es\/wp-json\/wp\/v2\/comments?post=11"}],"version-history":[{"count":9,"href":"https:\/\/stuff.io\/es\/wp-json\/wp\/v2\/pages\/11\/revisions"}],"predecessor-version":[{"id":6295,"href":"https:\/\/stuff.io\/es\/wp-json\/wp\/v2\/pages\/11\/revisions\/6295"}],"wp:attachment":[{"href":"https:\/\/stuff.io\/es\/wp-json\/wp\/v2\/media?parent=11"}],"curies":[{"name":"wp","href":"https:\/\/api.w.org\/{rel}","templated":true}]}}